{"id":11970,"date":"2022-02-01T09:20:04","date_gmt":"2022-02-01T12:20:04","guid":{"rendered":"https:\/\/www.colegioequipemuriae.com.br\/site\/?page_id=11970"},"modified":"2023-01-31T10:13:57","modified_gmt":"2023-01-31T13:13:57","slug":"calendarios-2","status":"publish","type":"page","link":"https:\/\/www.colegioequipemuriae.com.br\/site\/calendarios-2\/","title":{"rendered":"Calend\u00e1rios"},"content":{"rendered":"","protected":false},"excerpt":{"rendered":"","protected":false},"author":2,"featured_media":0,"parent":0,"menu_order":0,"comment_status":"closed","ping_status":"closed","template":"","meta":[],"yoast_head":"<!-- This site is optimized with the Yoast SEO plugin v16.0.2 - https:\/\/yoast.com\/wordpress\/plugins\/seo\/ -->\n<title>Calend\u00e1rios - Col\u00e9gio Equipe Muria\u00e9<\/title>\n<link rel=\"canonical\" href=\"https:\/\/www.colegioequipemuriae.com.br\/site\/calendarios-2\/\" \/>\n<meta property=\"og:locale\" content=\"pt_BR\" \/>\n<meta property=\"og:type\" content=\"article\" \/>\n<meta property=\"og:title\" content=\"Calend\u00e1rios - Col\u00e9gio Equipe Muria\u00e9\" \/>\n<meta property=\"og:url\" content=\"https:\/\/www.colegioequipemuriae.com.br\/site\/calendarios-2\/\" \/>\n<meta property=\"og:site_name\" content=\"Col\u00e9gio Equipe Muria\u00e9\" \/>\n<meta property=\"article:modified_time\" content=\"2023-01-31T13:13:57+00:00\" \/>\n<meta name=\"twitter:card\" content=\"summary_large_image\" \/>\n<script type=\"application\/ld+json\" class=\"yoast-schema-graph\">{\"@context\":\"https:\/\/schema.org\",\"@graph\":[{\"@type\":\"WebSite\",\"@id\":\"https:\/\/www.colegioequipemuriae.com.br\/site\/#website\",\"url\":\"https:\/\/www.colegioequipemuriae.com.br\/site\/\",\"name\":\"Col\\u00e9gio Equipe Muria\\u00e9\",\"description\":\"\",\"potentialAction\":[{\"@type\":\"SearchAction\",\"target\":\"https:\/\/www.colegioequipemuriae.com.br\/site\/?s={search_term_string}\",\"query-input\":\"required name=search_term_string\"}],\"inLanguage\":\"pt-BR\"},{\"@type\":\"WebPage\",\"@id\":\"https:\/\/www.colegioequipemuriae.com.br\/site\/calendarios-2\/#webpage\",\"url\":\"https:\/\/www.colegioequipemuriae.com.br\/site\/calendarios-2\/\",\"name\":\"Calend\\u00e1rios - Col\\u00e9gio Equipe Muria\\u00e9\",\"isPartOf\":{\"@id\":\"https:\/\/www.colegioequipemuriae.com.br\/site\/#website\"},\"datePublished\":\"2022-02-01T12:20:04+00:00\",\"dateModified\":\"2023-01-31T13:13:57+00:00\",\"breadcrumb\":{\"@id\":\"https:\/\/www.colegioequipemuriae.com.br\/site\/calendarios-2\/#breadcrumb\"},\"inLanguage\":\"pt-BR\",\"potentialAction\":[{\"@type\":\"ReadAction\",\"target\":[\"https:\/\/www.colegioequipemuriae.com.br\/site\/calendarios-2\/\"]}]},{\"@type\":\"BreadcrumbList\",\"@id\":\"https:\/\/www.colegioequipemuriae.com.br\/site\/calendarios-2\/#breadcrumb\",\"itemListElement\":[{\"@type\":\"ListItem\",\"position\":1,\"item\":{\"@type\":\"WebPage\",\"@id\":\"https:\/\/www.colegioequipemuriae.com.br\/site\/\",\"url\":\"https:\/\/www.colegioequipemuriae.com.br\/site\/\",\"name\":\"Home\"}},{\"@type\":\"ListItem\",\"position\":2,\"item\":{\"@type\":\"WebPage\",\"@id\":\"https:\/\/www.colegioequipemuriae.com.br\/site\/calendarios-2\/\",\"url\":\"https:\/\/www.colegioequipemuriae.com.br\/site\/calendarios-2\/\",\"name\":\"Calend\\u00e1rios\"}}]}]}<\/script>\n<!-- \/ Yoast SEO plugin. -->","_links":{"self":[{"href":"https:\/\/www.colegioequipemuriae.com.br\/site\/wp-json\/wp\/v2\/pages\/11970"}],"collection":[{"href":"https:\/\/www.colegioequipemuriae.com.br\/site\/wp-json\/wp\/v2\/pages"}],"about":[{"href":"https:\/\/www.colegioequipemuriae.com.br\/site\/wp-json\/wp\/v2\/types\/page"}],"author":[{"embeddable":true,"href":"https:\/\/www.colegioequipemuriae.com.br\/site\/wp-json\/wp\/v2\/users\/2"}],"replies":[{"embeddable":true,"href":"https:\/\/www.colegioequipemuriae.com.br\/site\/wp-json\/wp\/v2\/comments?post=11970"}],"version-history":[{"count":3,"href":"https:\/\/www.colegioequipemuriae.com.br\/site\/wp-json\/wp\/v2\/pages\/11970\/revisions"}],"predecessor-version":[{"id":12498,"href":"https:\/\/www.colegioequipemuriae.com.br\/site\/wp-json\/wp\/v2\/pages\/11970\/revisions\/12498"}],"wp:attachment":[{"href":"https:\/\/www.colegioequipemuriae.com.br\/site\/wp-json\/wp\/v2\/media?parent=11970"}],"curies":[{"name":"wp","href":"https:\/\/api.w.org\/{rel}","templated":true}]}}