{"id":11807,"date":"2021-04-29T18:30:23","date_gmt":"2021-04-29T21:30:23","guid":{"rendered":"https:\/\/www.colegioequipemuriae.com.br\/site\/?page_id=11807"},"modified":"2021-04-29T18:32:05","modified_gmt":"2021-04-29T21:32:05","slug":"fala-do-cordenador","status":"publish","type":"page","link":"https:\/\/www.colegioequipemuriae.com.br\/site\/fala-do-cordenador\/","title":{"rendered":"Fala do Coordenador"},"content":{"rendered":"\n<p><strong>Palavras do Coodenador Jesus &#8211; 9o ano Fundamental II ao 2o ano m\u00e9dio<\/strong><\/p>\n\n\n\n<p>Nossa linha de trabalho contempla o di\u00e1logo democr\u00e1tico entre professor e aluno.<br>Nossas a\u00e7\u00f5es tem como objetivo o aprender a apreender,a ser, a conhecer, a fazer e a viver juntos.Nessa conson\u00e2ncia, queremos envolver o processo de ensino-aprendizagem de parceiros atuantes, comprometidos com pr\u00e1ticas significativas e conscientes para uma conviv\u00eancia social mais igualit\u00e1ria.<\/p>\n","protected":false},"excerpt":{"rendered":"<p>Palavras do Coodenador Jesus &#8211; 9o ano Fundamental II ao 2o ano m\u00e9dio Nossa linha de trabalho contempla o di\u00e1logo democr\u00e1tico entre professor e aluno.Nossas a\u00e7\u00f5es tem como objetivo o aprender a apreender,a ser, a conhecer, a fazer e a viver juntos.Nessa conson\u00e2ncia, queremos envolver o processo de ensino-aprendizagem de parceiros atuantes, comprometidos com pr\u00e1ticas&#8230;<\/p>\n","protected":false},"author":1,"featured_media":0,"parent":0,"menu_order":0,"comment_status":"closed","ping_status":"closed","template":"","meta":[],"yoast_head":"<!-- This site is optimized with the Yoast SEO plugin v16.0.2 - https:\/\/yoast.com\/wordpress\/plugins\/seo\/ -->\n<title>Fala do Coordenador - Col\u00e9gio Equipe Muria\u00e9<\/title>\n<link rel=\"canonical\" href=\"https:\/\/www.colegioequipemuriae.com.br\/site\/fala-do-cordenador\/\" \/>\n<meta property=\"og:locale\" content=\"pt_BR\" \/>\n<meta property=\"og:type\" content=\"article\" \/>\n<meta property=\"og:title\" content=\"Fala do Coordenador - Col\u00e9gio Equipe Muria\u00e9\" \/>\n<meta property=\"og:description\" content=\"Palavras do Coodenador Jesus &#8211; 9o ano Fundamental II ao 2o ano m\u00e9dio Nossa linha de trabalho contempla o di\u00e1logo democr\u00e1tico entre professor e aluno.Nossas a\u00e7\u00f5es tem como objetivo o aprender a apreender,a ser, a conhecer, a fazer e a viver juntos.Nessa conson\u00e2ncia, queremos envolver o processo de ensino-aprendizagem de parceiros atuantes, comprometidos com pr\u00e1ticas...\" \/>\n<meta property=\"og:url\" content=\"https:\/\/www.colegioequipemuriae.com.br\/site\/fala-do-cordenador\/\" \/>\n<meta property=\"og:site_name\" content=\"Col\u00e9gio Equipe Muria\u00e9\" \/>\n<meta property=\"article:modified_time\" content=\"2021-04-29T21:32:05+00:00\" \/>\n<meta name=\"twitter:card\" content=\"summary_large_image\" \/>\n<meta name=\"twitter:label1\" content=\"Est. tempo de leitura\">\n\t<meta name=\"twitter:data1\" content=\"1 minuto\">\n<script type=\"application\/ld+json\" class=\"yoast-schema-graph\">{\"@context\":\"https:\/\/schema.org\",\"@graph\":[{\"@type\":\"WebSite\",\"@id\":\"https:\/\/www.colegioequipemuriae.com.br\/site\/#website\",\"url\":\"https:\/\/www.colegioequipemuriae.com.br\/site\/\",\"name\":\"Col\\u00e9gio Equipe Muria\\u00e9\",\"description\":\"\",\"potentialAction\":[{\"@type\":\"SearchAction\",\"target\":\"https:\/\/www.colegioequipemuriae.com.br\/site\/?s={search_term_string}\",\"query-input\":\"required name=search_term_string\"}],\"inLanguage\":\"pt-BR\"},{\"@type\":\"WebPage\",\"@id\":\"https:\/\/www.colegioequipemuriae.com.br\/site\/fala-do-cordenador\/#webpage\",\"url\":\"https:\/\/www.colegioequipemuriae.com.br\/site\/fala-do-cordenador\/\",\"name\":\"Fala do Coordenador - Col\\u00e9gio Equipe Muria\\u00e9\",\"isPartOf\":{\"@id\":\"https:\/\/www.colegioequipemuriae.com.br\/site\/#website\"},\"datePublished\":\"2021-04-29T21:30:23+00:00\",\"dateModified\":\"2021-04-29T21:32:05+00:00\",\"breadcrumb\":{\"@id\":\"https:\/\/www.colegioequipemuriae.com.br\/site\/fala-do-cordenador\/#breadcrumb\"},\"inLanguage\":\"pt-BR\",\"potentialAction\":[{\"@type\":\"ReadAction\",\"target\":[\"https:\/\/www.colegioequipemuriae.com.br\/site\/fala-do-cordenador\/\"]}]},{\"@type\":\"BreadcrumbList\",\"@id\":\"https:\/\/www.colegioequipemuriae.com.br\/site\/fala-do-cordenador\/#breadcrumb\",\"itemListElement\":[{\"@type\":\"ListItem\",\"position\":1,\"item\":{\"@type\":\"WebPage\",\"@id\":\"https:\/\/www.colegioequipemuriae.com.br\/site\/\",\"url\":\"https:\/\/www.colegioequipemuriae.com.br\/site\/\",\"name\":\"Home\"}},{\"@type\":\"ListItem\",\"position\":2,\"item\":{\"@type\":\"WebPage\",\"@id\":\"https:\/\/www.colegioequipemuriae.com.br\/site\/fala-do-cordenador\/\",\"url\":\"https:\/\/www.colegioequipemuriae.com.br\/site\/fala-do-cordenador\/\",\"name\":\"Fala do Coordenador\"}}]}]}<\/script>\n<!-- \/ Yoast SEO plugin. -->","_links":{"self":[{"href":"https:\/\/www.colegioequipemuriae.com.br\/site\/wp-json\/wp\/v2\/pages\/11807"}],"collection":[{"href":"https:\/\/www.colegioequipemuriae.com.br\/site\/wp-json\/wp\/v2\/pages"}],"about":[{"href":"https:\/\/www.colegioequipemuriae.com.br\/site\/wp-json\/wp\/v2\/types\/page"}],"author":[{"embeddable":true,"href":"https:\/\/www.colegioequipemuriae.com.br\/site\/wp-json\/wp\/v2\/users\/1"}],"replies":[{"embeddable":true,"href":"https:\/\/www.colegioequipemuriae.com.br\/site\/wp-json\/wp\/v2\/comments?post=11807"}],"version-history":[{"count":2,"href":"https:\/\/www.colegioequipemuriae.com.br\/site\/wp-json\/wp\/v2\/pages\/11807\/revisions"}],"predecessor-version":[{"id":11809,"href":"https:\/\/www.colegioequipemuriae.com.br\/site\/wp-json\/wp\/v2\/pages\/11807\/revisions\/11809"}],"wp:attachment":[{"href":"https:\/\/www.colegioequipemuriae.com.br\/site\/wp-json\/wp\/v2\/media?parent=11807"}],"curies":[{"name":"wp","href":"https:\/\/api.w.org\/{rel}","templated":true}]}}