{"id":11805,"date":"2021-04-29T18:26:01","date_gmt":"2021-04-29T21:26:01","guid":{"rendered":"https:\/\/www.colegioequipemuriae.com.br\/site\/?page_id=11805"},"modified":"2021-04-29T18:32:21","modified_gmt":"2021-04-29T21:32:21","slug":"fala-da-cordenadora","status":"publish","type":"page","link":"https:\/\/www.colegioequipemuriae.com.br\/site\/fala-da-cordenadora\/","title":{"rendered":"Fala da Coordenadora"},"content":{"rendered":"\n<p><strong>Fala da Coordenadora Cl\u00e1udia do 7\u00ba ao 9\u00ba ano<\/strong><\/p>\n\n\n\n<p>O Col\u00e9gio \u201cEQUIPE DE MURIA\u00c9\u201d tem como desafio e compromisso uma pr\u00e1tica pedag\u00f3gica significativa, atraente, reflexiva, personalizada, em busca de processos educativos transformadores que estabele\u00e7am uma conex\u00e3o com o contexto social dos alunos e que visem \u00e0 forma\u00e7\u00e3o para a cidadania. Dessa forma, visando o desenvolvimento integral do aluno, em sua maneira de ser e estar no mundo, desenvolvemos um trabalho de qualidade, criando um ambiente onde cada um se sinta acolhido e respeitado na sua individualidade.<\/p>\n\n\n\n<p>Nossa miss\u00e3o \u00e9 educar pessoas para o desenvolvimento humano, social e sustent\u00e1vel, utilizando linguagens diversas, em um ambiente acolhedor.<\/p>\n\n\n\n<p>A aspira\u00e7\u00e3o do Col\u00e9gio \u00e9 vencer o desafio de formar cidad\u00e3os \u00e9ticos, cr\u00edticos, solid\u00e1rios e com uma s\u00f3lida forma\u00e7\u00e3o intelectual abrangente e harm\u00f4nica. Que sejam bem sucedidos em suas vidas pessoais e comprometidos com a transforma\u00e7\u00e3o da sociedade atual para uma sociedade mais justa e solid\u00e1ria. Alimentando assim, a consci\u00eancia de que a Educa\u00e7\u00e3o \u00e9 um processo permanente a ser desenvolvido pela vida afora, em cont\u00ednuo aprofundamento e matura\u00e7\u00e3o.<\/p>\n","protected":false},"excerpt":{"rendered":"<p>Fala da Coordenadora Cl\u00e1udia do 7\u00ba ao 9\u00ba ano O Col\u00e9gio \u201cEQUIPE DE MURIA\u00c9\u201d tem como desafio e compromisso uma pr\u00e1tica pedag\u00f3gica significativa, atraente, reflexiva, personalizada, em busca de processos educativos transformadores que estabele\u00e7am uma conex\u00e3o com o contexto social dos alunos e que visem \u00e0 forma\u00e7\u00e3o para a cidadania. Dessa forma, visando o desenvolvimento&#8230;<\/p>\n","protected":false},"author":1,"featured_media":0,"parent":0,"menu_order":0,"comment_status":"closed","ping_status":"closed","template":"","meta":[],"yoast_head":"<!-- This site is optimized with the Yoast SEO plugin v16.0.2 - https:\/\/yoast.com\/wordpress\/plugins\/seo\/ -->\n<title>Fala da Coordenadora - Col\u00e9gio Equipe Muria\u00e9<\/title>\n<link rel=\"canonical\" href=\"https:\/\/www.colegioequipemuriae.com.br\/site\/fala-da-cordenadora\/\" \/>\n<meta property=\"og:locale\" content=\"pt_BR\" \/>\n<meta property=\"og:type\" content=\"article\" \/>\n<meta property=\"og:title\" content=\"Fala da Coordenadora - Col\u00e9gio Equipe Muria\u00e9\" \/>\n<meta property=\"og:description\" content=\"Fala da Coordenadora Cl\u00e1udia do 7\u00ba ao 9\u00ba ano O Col\u00e9gio \u201cEQUIPE DE MURIA\u00c9\u201d tem como desafio e compromisso uma pr\u00e1tica pedag\u00f3gica significativa, atraente, reflexiva, personalizada, em busca de processos educativos transformadores que estabele\u00e7am uma conex\u00e3o com o contexto social dos alunos e que visem \u00e0 forma\u00e7\u00e3o para a cidadania. Dessa forma, visando o desenvolvimento...\" \/>\n<meta property=\"og:url\" content=\"https:\/\/www.colegioequipemuriae.com.br\/site\/fala-da-cordenadora\/\" \/>\n<meta property=\"og:site_name\" content=\"Col\u00e9gio Equipe Muria\u00e9\" \/>\n<meta property=\"article:modified_time\" content=\"2021-04-29T21:32:21+00:00\" \/>\n<meta name=\"twitter:card\" content=\"summary_large_image\" \/>\n<meta name=\"twitter:label1\" content=\"Est. tempo de leitura\">\n\t<meta name=\"twitter:data1\" content=\"1 minuto\">\n<script type=\"application\/ld+json\" class=\"yoast-schema-graph\">{\"@context\":\"https:\/\/schema.org\",\"@graph\":[{\"@type\":\"WebSite\",\"@id\":\"https:\/\/www.colegioequipemuriae.com.br\/site\/#website\",\"url\":\"https:\/\/www.colegioequipemuriae.com.br\/site\/\",\"name\":\"Col\\u00e9gio Equipe Muria\\u00e9\",\"description\":\"\",\"potentialAction\":[{\"@type\":\"SearchAction\",\"target\":\"https:\/\/www.colegioequipemuriae.com.br\/site\/?s={search_term_string}\",\"query-input\":\"required name=search_term_string\"}],\"inLanguage\":\"pt-BR\"},{\"@type\":\"WebPage\",\"@id\":\"https:\/\/www.colegioequipemuriae.com.br\/site\/fala-da-cordenadora\/#webpage\",\"url\":\"https:\/\/www.colegioequipemuriae.com.br\/site\/fala-da-cordenadora\/\",\"name\":\"Fala da Coordenadora - Col\\u00e9gio Equipe Muria\\u00e9\",\"isPartOf\":{\"@id\":\"https:\/\/www.colegioequipemuriae.com.br\/site\/#website\"},\"datePublished\":\"2021-04-29T21:26:01+00:00\",\"dateModified\":\"2021-04-29T21:32:21+00:00\",\"breadcrumb\":{\"@id\":\"https:\/\/www.colegioequipemuriae.com.br\/site\/fala-da-cordenadora\/#breadcrumb\"},\"inLanguage\":\"pt-BR\",\"potentialAction\":[{\"@type\":\"ReadAction\",\"target\":[\"https:\/\/www.colegioequipemuriae.com.br\/site\/fala-da-cordenadora\/\"]}]},{\"@type\":\"BreadcrumbList\",\"@id\":\"https:\/\/www.colegioequipemuriae.com.br\/site\/fala-da-cordenadora\/#breadcrumb\",\"itemListElement\":[{\"@type\":\"ListItem\",\"position\":1,\"item\":{\"@type\":\"WebPage\",\"@id\":\"https:\/\/www.colegioequipemuriae.com.br\/site\/\",\"url\":\"https:\/\/www.colegioequipemuriae.com.br\/site\/\",\"name\":\"Home\"}},{\"@type\":\"ListItem\",\"position\":2,\"item\":{\"@type\":\"WebPage\",\"@id\":\"https:\/\/www.colegioequipemuriae.com.br\/site\/fala-da-cordenadora\/\",\"url\":\"https:\/\/www.colegioequipemuriae.com.br\/site\/fala-da-cordenadora\/\",\"name\":\"Fala da Coordenadora\"}}]}]}<\/script>\n<!-- \/ Yoast SEO plugin. -->","_links":{"self":[{"href":"https:\/\/www.colegioequipemuriae.com.br\/site\/wp-json\/wp\/v2\/pages\/11805"}],"collection":[{"href":"https:\/\/www.colegioequipemuriae.com.br\/site\/wp-json\/wp\/v2\/pages"}],"about":[{"href":"https:\/\/www.colegioequipemuriae.com.br\/site\/wp-json\/wp\/v2\/types\/page"}],"author":[{"embeddable":true,"href":"https:\/\/www.colegioequipemuriae.com.br\/site\/wp-json\/wp\/v2\/users\/1"}],"replies":[{"embeddable":true,"href":"https:\/\/www.colegioequipemuriae.com.br\/site\/wp-json\/wp\/v2\/comments?post=11805"}],"version-history":[{"count":2,"href":"https:\/\/www.colegioequipemuriae.com.br\/site\/wp-json\/wp\/v2\/pages\/11805\/revisions"}],"predecessor-version":[{"id":11810,"href":"https:\/\/www.colegioequipemuriae.com.br\/site\/wp-json\/wp\/v2\/pages\/11805\/revisions\/11810"}],"wp:attachment":[{"href":"https:\/\/www.colegioequipemuriae.com.br\/site\/wp-json\/wp\/v2\/media?parent=11805"}],"curies":[{"name":"wp","href":"https:\/\/api.w.org\/{rel}","templated":true}]}}