{"id":11565,"date":"2021-03-24T15:10:08","date_gmt":"2021-03-24T18:10:08","guid":{"rendered":"https:\/\/www.colegioequipemuriae.com.br\/site\/?page_id=11565"},"modified":"2021-04-29T16:56:24","modified_gmt":"2021-04-29T19:56:24","slug":"ensino-fundamental-ll","status":"publish","type":"page","link":"https:\/\/www.colegioequipemuriae.com.br\/site\/ensino\/ensino-fundamental-ll\/","title":{"rendered":"Ensino Fundamental II"},"content":{"rendered":"\t\t<div data-elementor-type=\"wp-page\" data-elementor-id=\"11565\" class=\"elementor elementor-11565\" data-elementor-settings=\"[]\">\n\t\t\t\t\t\t\t<div class=\"elementor-section-wrap\">\n\t\t\t\t\t\t\t<section class=\"elementor-section elementor-top-section elementor-element elementor-element-863f0c8 elementor-section-boxed elementor-section-height-default elementor-section-height-default\" data-id=\"863f0c8\" data-element_type=\"section\">\n\t\t\t\t\t\t<div class=\"elementor-container elementor-column-gap-default\">\n\t\t\t\t\t<div class=\"elementor-column elementor-col-100 elementor-top-column elementor-element elementor-element-0176dbc\" data-id=\"0176dbc\" data-element_type=\"column\">\n\t\t\t<div class=\"elementor-widget-wrap elementor-element-populated\">\n\t\t\t\t\t\t\t\t<div class=\"elementor-element elementor-element-09c3a31 elementor-widget elementor-widget-text-editor\" data-id=\"09c3a31\" data-element_type=\"widget\" data-widget_type=\"text-editor.default\">\n\t\t\t\t<div class=\"elementor-widget-container\">\n\t\t\t\t\t<div class=\"elementor-text-editor elementor-clearfix\"><p>Nessa etapa educativa, prioriza-se a aprendizagem com entendimento, a integra\u00e7\u00e3o dos conhecimentos escolares por meio da abordagem investigativa, da resolu\u00e7\u00e3o de problemas e do desenvolvimento de projetos. Por esse motivo, a cada novo tema de estudos, tem-se uma nova problematiza\u00e7\u00e3o. Esta contribui para a mobiliza\u00e7\u00e3o dos conhecimentos pr\u00e9vios das crian\u00e7as e as instiga a formular e a rever hip\u00f3teses estabelecidas, por meio da pesquisa e da investiga\u00e7\u00e3o, assumindo um posicionamento cr\u00edtico com rela\u00e7\u00e3o \u00e0 aprendizagem. A abordagem investigativa incorpora, ainda, a formula\u00e7\u00e3o de s\u00ednteses, de mapas conceituais e de redes de conhecimento, a reflex\u00e3o a respeito das estrat\u00e9gias pessoais utilizadas na resolu\u00e7\u00e3o dos problemas propostos e a an\u00e1lise dos resultados obtidos. Assim, contribui para a compreens\u00e3o de assuntos complexos e para a transposi\u00e7\u00e3o das aprendizagens escolares a outros contextos. Conhe\u00e7a, a seguir, um pouco mais sobre essa proposta pedag\u00f3gica.<\/p><\/div>\n\t\t\t\t<\/div>\n\t\t\t\t<\/div>\n\t\t\t\t<div class=\"elementor-element elementor-element-5662044 elementor-button-info elementor-align-center elementor-widget elementor-widget-button\" data-id=\"5662044\" data-element_type=\"widget\" data-widget_type=\"button.default\">\n\t\t\t\t<div class=\"elementor-widget-container\">\n\t\t\t\t\t<div class=\"elementor-button-wrapper\">\n\t\t\t<a href=\"https:\/\/www.colegioequipemuriae.com.br\/site\/professores-ensino-fundamental-ll\" class=\"elementor-button-link elementor-button elementor-size-lg\" role=\"button\">\n\t\t\t\t\t\t<span class=\"elementor-button-content-wrapper\">\n\t\t\t\t\t\t<span class=\"elementor-button-text\">Professores<\/span>\n\t\t<\/span>\n\t\t\t\t\t<\/a>\n\t\t<\/div>\n\t\t\t\t<\/div>\n\t\t\t\t<\/div>\n\t\t\t\t\t<\/div>\n\t\t<\/div>\n\t\t\t\t\t\t\t<\/div>\n\t\t<\/section>\n\t\t\t\t<section class=\"elementor-section elementor-top-section elementor-element elementor-element-ce160ea elementor-section-boxed elementor-section-height-default elementor-section-height-default\" data-id=\"ce160ea\" data-element_type=\"section\">\n\t\t\t\t\t\t<div class=\"elementor-container elementor-column-gap-default\">\n\t\t\t\t\t<div class=\"elementor-column elementor-col-100 elementor-top-column elementor-element elementor-element-bc17f83\" data-id=\"bc17f83\" data-element_type=\"column\">\n\t\t\t<div class=\"elementor-widget-wrap\">\n\t\t\t\t\t\t\t\t\t<\/div>\n\t\t<\/div>\n\t\t\t\t\t\t\t<\/div>\n\t\t<\/section>\n\t\t\t\t\t\t<\/div>\n\t\t\t\t\t<\/div>\n\t\t","protected":false},"excerpt":{"rendered":"<p>Nessa etapa educativa, prioriza-se a aprendizagem com entendimento, a integra\u00e7\u00e3o dos conhecimentos escolares por meio da abordagem investigativa, da resolu\u00e7\u00e3o de problemas e do desenvolvimento de projetos. Por esse motivo, a cada novo tema de estudos, tem-se uma nova problematiza\u00e7\u00e3o. Esta contribui para a mobiliza\u00e7\u00e3o dos conhecimentos pr\u00e9vios das crian\u00e7as e as instiga a formular&#8230;<\/p>\n","protected":false},"author":1,"featured_media":0,"parent":11568,"menu_order":0,"comment_status":"closed","ping_status":"closed","template":"","meta":[],"yoast_head":"<!-- This site is optimized with the Yoast SEO plugin v16.0.2 - https:\/\/yoast.com\/wordpress\/plugins\/seo\/ -->\n<title>Ensino Fundamental II - Col\u00e9gio Equipe Muria\u00e9<\/title>\n<link rel=\"canonical\" href=\"https:\/\/www.colegioequipemuriae.com.br\/site\/ensino\/ensino-fundamental-ll\/\" \/>\n<meta property=\"og:locale\" content=\"pt_BR\" \/>\n<meta property=\"og:type\" content=\"article\" \/>\n<meta property=\"og:title\" content=\"Ensino Fundamental II - Col\u00e9gio Equipe Muria\u00e9\" \/>\n<meta property=\"og:description\" content=\"Nessa etapa educativa, prioriza-se a aprendizagem com entendimento, a integra\u00e7\u00e3o dos conhecimentos escolares por meio da abordagem investigativa, da resolu\u00e7\u00e3o de problemas e do desenvolvimento de projetos. Por esse motivo, a cada novo tema de estudos, tem-se uma nova problematiza\u00e7\u00e3o. Esta contribui para a mobiliza\u00e7\u00e3o dos conhecimentos pr\u00e9vios das crian\u00e7as e as instiga a formular...\" \/>\n<meta property=\"og:url\" content=\"https:\/\/www.colegioequipemuriae.com.br\/site\/ensino\/ensino-fundamental-ll\/\" \/>\n<meta property=\"og:site_name\" content=\"Col\u00e9gio Equipe Muria\u00e9\" \/>\n<meta property=\"article:modified_time\" content=\"2021-04-29T19:56:24+00:00\" \/>\n<meta name=\"twitter:card\" content=\"summary_large_image\" \/>\n<meta name=\"twitter:label1\" content=\"Est. tempo de leitura\">\n\t<meta name=\"twitter:data1\" content=\"1 minuto\">\n<script type=\"application\/ld+json\" class=\"yoast-schema-graph\">{\"@context\":\"https:\/\/schema.org\",\"@graph\":[{\"@type\":\"WebSite\",\"@id\":\"https:\/\/www.colegioequipemuriae.com.br\/site\/#website\",\"url\":\"https:\/\/www.colegioequipemuriae.com.br\/site\/\",\"name\":\"Col\\u00e9gio Equipe Muria\\u00e9\",\"description\":\"\",\"potentialAction\":[{\"@type\":\"SearchAction\",\"target\":\"https:\/\/www.colegioequipemuriae.com.br\/site\/?s={search_term_string}\",\"query-input\":\"required name=search_term_string\"}],\"inLanguage\":\"pt-BR\"},{\"@type\":\"WebPage\",\"@id\":\"https:\/\/www.colegioequipemuriae.com.br\/site\/ensino\/ensino-fundamental-ll\/#webpage\",\"url\":\"https:\/\/www.colegioequipemuriae.com.br\/site\/ensino\/ensino-fundamental-ll\/\",\"name\":\"Ensino Fundamental II - Col\\u00e9gio Equipe Muria\\u00e9\",\"isPartOf\":{\"@id\":\"https:\/\/www.colegioequipemuriae.com.br\/site\/#website\"},\"datePublished\":\"2021-03-24T18:10:08+00:00\",\"dateModified\":\"2021-04-29T19:56:24+00:00\",\"breadcrumb\":{\"@id\":\"https:\/\/www.colegioequipemuriae.com.br\/site\/ensino\/ensino-fundamental-ll\/#breadcrumb\"},\"inLanguage\":\"pt-BR\",\"potentialAction\":[{\"@type\":\"ReadAction\",\"target\":[\"https:\/\/www.colegioequipemuriae.com.br\/site\/ensino\/ensino-fundamental-ll\/\"]}]},{\"@type\":\"BreadcrumbList\",\"@id\":\"https:\/\/www.colegioequipemuriae.com.br\/site\/ensino\/ensino-fundamental-ll\/#breadcrumb\",\"itemListElement\":[{\"@type\":\"ListItem\",\"position\":1,\"item\":{\"@type\":\"WebPage\",\"@id\":\"https:\/\/www.colegioequipemuriae.com.br\/site\/\",\"url\":\"https:\/\/www.colegioequipemuriae.com.br\/site\/\",\"name\":\"Home\"}},{\"@type\":\"ListItem\",\"position\":2,\"item\":{\"@type\":\"WebPage\",\"@id\":\"https:\/\/www.colegioequipemuriae.com.br\/site\/ensino\/\",\"url\":\"https:\/\/www.colegioequipemuriae.com.br\/site\/ensino\/\",\"name\":\"Ensino\"}},{\"@type\":\"ListItem\",\"position\":3,\"item\":{\"@type\":\"WebPage\",\"@id\":\"https:\/\/www.colegioequipemuriae.com.br\/site\/ensino\/ensino-fundamental-ll\/\",\"url\":\"https:\/\/www.colegioequipemuriae.com.br\/site\/ensino\/ensino-fundamental-ll\/\",\"name\":\"Ensino Fundamental II\"}}]}]}<\/script>\n<!-- \/ Yoast SEO plugin. -->","_links":{"self":[{"href":"https:\/\/www.colegioequipemuriae.com.br\/site\/wp-json\/wp\/v2\/pages\/11565"}],"collection":[{"href":"https:\/\/www.colegioequipemuriae.com.br\/site\/wp-json\/wp\/v2\/pages"}],"about":[{"href":"https:\/\/www.colegioequipemuriae.com.br\/site\/wp-json\/wp\/v2\/types\/page"}],"author":[{"embeddable":true,"href":"https:\/\/www.colegioequipemuriae.com.br\/site\/wp-json\/wp\/v2\/users\/1"}],"replies":[{"embeddable":true,"href":"https:\/\/www.colegioequipemuriae.com.br\/site\/wp-json\/wp\/v2\/comments?post=11565"}],"version-history":[{"count":8,"href":"https:\/\/www.colegioequipemuriae.com.br\/site\/wp-json\/wp\/v2\/pages\/11565\/revisions"}],"predecessor-version":[{"id":11784,"href":"https:\/\/www.colegioequipemuriae.com.br\/site\/wp-json\/wp\/v2\/pages\/11565\/revisions\/11784"}],"up":[{"embeddable":true,"href":"https:\/\/www.colegioequipemuriae.com.br\/site\/wp-json\/wp\/v2\/pages\/11568"}],"wp:attachment":[{"href":"https:\/\/www.colegioequipemuriae.com.br\/site\/wp-json\/wp\/v2\/media?parent=11565"}],"curies":[{"name":"wp","href":"https:\/\/api.w.org\/{rel}","templated":true}]}}