{"id":11554,"date":"2021-03-24T14:59:05","date_gmt":"2021-03-24T17:59:05","guid":{"rendered":"https:\/\/www.colegioequipemuriae.com.br\/site\/?page_id=11554"},"modified":"2022-01-25T09:33:11","modified_gmt":"2022-01-25T12:33:11","slug":"quem-somos","status":"publish","type":"page","link":"https:\/\/www.colegioequipemuriae.com.br\/site\/o-colegio\/quem-somos\/","title":{"rendered":"Quem somos"},"content":{"rendered":"\n<p>O processo de ensino-aprendizagem, mais que um of\u00edcio, \u00e9 uma trajet\u00f3ria de vidas e Hist\u00f3rias circunscritas no ide\u00e1rio de constru\u00e7\u00e3o de uma sociedade mais justa.<br>Assim, o Col\u00e9gio Cidade Muria\u00e9, tradicionalmente conhecido como Equipe, iniciou suas atividades em Muria\u00e9, no ano de 2000.<\/p>\n\n\n\n<p>No come\u00e7o, ainda como um curso \u201cPr\u00e9-Vestibular\u201d, sediado no Shopping Top Center, localizado na Rua Amador Pinheiros de Barros, suas atividades estiveram voltadas para a instrumentaliza\u00e7\u00e3o nos mais diversos vestibulares do pa\u00eds, com \u00eanfase, na UFV, UERJ, UFJF, UNICAMP\u2026<br>A proposta din\u00e2mica de um ensino que combinava a excel\u00eancia profissional com uma linguagem jovem e comunicativa, permitiu ao ent\u00e3o \u201cCurso Equipe\u201d, um r\u00e1pido reconhecimento e acolhimento pela comunidade muriaeense e, os anseios por uma institui\u00e7\u00e3o que abarcasse desde os anos iniciais ao Ensino M\u00e9dio reverberavam.<br>No ano de 2001, inaugura-se o Col\u00e9gio propriamente, agora, localizado na rua Coronel Domiciano n\u00ba 121, 1\u00ba andar. O processo de figura\u00e7\u00e3o das turmas foi gradual e decrescente, at\u00e9 que em 2006 j\u00e1 estava conclu\u00eddo o segmento do Ensino Fundamental II e 2010 o Ensino Fundamental I.<br>Em uma perspectiva cidad\u00e3 e equitativa, o profissionalismo institucional que, desde os prim\u00f3rdios, buscava inserir entre os alunos o prazer da viv\u00eancia escolar com a responsabilidade acad\u00eamica do vestibular, com provas semanais escalonadas em grupos, simulados, fora tornado s\u00f3lido o caminho at\u00e9 o Ensino M\u00e9dio, que tivera suas atividades<br>introduzidas desde 2001.<br>Ao longo desses dezenove, o Col\u00e9gio Equipe de Muria\u00e9, atrav\u00e9s de uma interdiscursividade acad\u00eamica e social, mais que uma escola regular, tornou-se um referencial educacional n\u00e3o somente na cidade, mas na regi\u00e3o da Zona da Mata mineira.<br>Em 2021, visando a excel\u00eancia e, preocupados de forma cada vez mais efetiva com nossa comunidade, nos preparamos para uma nova mudan\u00e7a de espa\u00e7o, com salas maiores, quadra poliesportiva, anfiteatro e, de fato, a maturidade de nosso compromisso e, a felicidade de verificarmos que, como disse Paulo Freire: \u201cEnquanto eu luto, sou<br>movido pela esperan\u00e7a; e se eu lutar com esperan\u00e7a, posso esperar\u201d.<\/p>\n","protected":false},"excerpt":{"rendered":"<p>O processo de ensino-aprendizagem, mais que um of\u00edcio, \u00e9 uma trajet\u00f3ria de vidas e Hist\u00f3rias circunscritas no ide\u00e1rio de constru\u00e7\u00e3o de uma sociedade mais justa.Assim, o Col\u00e9gio Cidade Muria\u00e9, tradicionalmente conhecido como Equipe, iniciou suas atividades em Muria\u00e9, no ano de 2000. No come\u00e7o, ainda como um curso \u201cPr\u00e9-Vestibular\u201d, sediado no Shopping Top Center, localizado&#8230;<\/p>\n","protected":false},"author":1,"featured_media":0,"parent":11378,"menu_order":0,"comment_status":"closed","ping_status":"closed","template":"","meta":[],"yoast_head":"<!-- This site is optimized with the Yoast SEO plugin v16.0.2 - https:\/\/yoast.com\/wordpress\/plugins\/seo\/ -->\n<title>Quem somos - Col\u00e9gio Equipe Muria\u00e9<\/title>\n<link rel=\"canonical\" href=\"https:\/\/www.colegioequipemuriae.com.br\/site\/o-colegio\/quem-somos\/\" \/>\n<meta property=\"og:locale\" content=\"pt_BR\" \/>\n<meta property=\"og:type\" content=\"article\" \/>\n<meta property=\"og:title\" content=\"Quem somos - Col\u00e9gio Equipe Muria\u00e9\" \/>\n<meta property=\"og:description\" content=\"O processo de ensino-aprendizagem, mais que um of\u00edcio, \u00e9 uma trajet\u00f3ria de vidas e Hist\u00f3rias circunscritas no ide\u00e1rio de constru\u00e7\u00e3o de uma sociedade mais justa.Assim, o Col\u00e9gio Cidade Muria\u00e9, tradicionalmente conhecido como Equipe, iniciou suas atividades em Muria\u00e9, no ano de 2000. No come\u00e7o, ainda como um curso \u201cPr\u00e9-Vestibular\u201d, sediado no Shopping Top Center, localizado...\" \/>\n<meta property=\"og:url\" content=\"https:\/\/www.colegioequipemuriae.com.br\/site\/o-colegio\/quem-somos\/\" \/>\n<meta property=\"og:site_name\" content=\"Col\u00e9gio Equipe Muria\u00e9\" \/>\n<meta property=\"article:modified_time\" content=\"2022-01-25T12:33:11+00:00\" \/>\n<meta name=\"twitter:card\" content=\"summary_large_image\" \/>\n<meta name=\"twitter:label1\" content=\"Est. tempo de leitura\">\n\t<meta name=\"twitter:data1\" content=\"2 minutos\">\n<script type=\"application\/ld+json\" class=\"yoast-schema-graph\">{\"@context\":\"https:\/\/schema.org\",\"@graph\":[{\"@type\":\"WebSite\",\"@id\":\"https:\/\/www.colegioequipemuriae.com.br\/site\/#website\",\"url\":\"https:\/\/www.colegioequipemuriae.com.br\/site\/\",\"name\":\"Col\\u00e9gio Equipe Muria\\u00e9\",\"description\":\"\",\"potentialAction\":[{\"@type\":\"SearchAction\",\"target\":\"https:\/\/www.colegioequipemuriae.com.br\/site\/?s={search_term_string}\",\"query-input\":\"required name=search_term_string\"}],\"inLanguage\":\"pt-BR\"},{\"@type\":\"WebPage\",\"@id\":\"https:\/\/www.colegioequipemuriae.com.br\/site\/o-colegio\/quem-somos\/#webpage\",\"url\":\"https:\/\/www.colegioequipemuriae.com.br\/site\/o-colegio\/quem-somos\/\",\"name\":\"Quem somos - Col\\u00e9gio Equipe Muria\\u00e9\",\"isPartOf\":{\"@id\":\"https:\/\/www.colegioequipemuriae.com.br\/site\/#website\"},\"datePublished\":\"2021-03-24T17:59:05+00:00\",\"dateModified\":\"2022-01-25T12:33:11+00:00\",\"breadcrumb\":{\"@id\":\"https:\/\/www.colegioequipemuriae.com.br\/site\/o-colegio\/quem-somos\/#breadcrumb\"},\"inLanguage\":\"pt-BR\",\"potentialAction\":[{\"@type\":\"ReadAction\",\"target\":[\"https:\/\/www.colegioequipemuriae.com.br\/site\/o-colegio\/quem-somos\/\"]}]},{\"@type\":\"BreadcrumbList\",\"@id\":\"https:\/\/www.colegioequipemuriae.com.br\/site\/o-colegio\/quem-somos\/#breadcrumb\",\"itemListElement\":[{\"@type\":\"ListItem\",\"position\":1,\"item\":{\"@type\":\"WebPage\",\"@id\":\"https:\/\/www.colegioequipemuriae.com.br\/site\/\",\"url\":\"https:\/\/www.colegioequipemuriae.com.br\/site\/\",\"name\":\"Home\"}},{\"@type\":\"ListItem\",\"position\":2,\"item\":{\"@type\":\"WebPage\",\"@id\":\"https:\/\/www.colegioequipemuriae.com.br\/site\/o-colegio\/\",\"url\":\"https:\/\/www.colegioequipemuriae.com.br\/site\/o-colegio\/\",\"name\":\"O Col\\u00e9gio\"}},{\"@type\":\"ListItem\",\"position\":3,\"item\":{\"@type\":\"WebPage\",\"@id\":\"https:\/\/www.colegioequipemuriae.com.br\/site\/o-colegio\/quem-somos\/\",\"url\":\"https:\/\/www.colegioequipemuriae.com.br\/site\/o-colegio\/quem-somos\/\",\"name\":\"Quem somos\"}}]}]}<\/script>\n<!-- \/ Yoast SEO plugin. -->","_links":{"self":[{"href":"https:\/\/www.colegioequipemuriae.com.br\/site\/wp-json\/wp\/v2\/pages\/11554"}],"collection":[{"href":"https:\/\/www.colegioequipemuriae.com.br\/site\/wp-json\/wp\/v2\/pages"}],"about":[{"href":"https:\/\/www.colegioequipemuriae.com.br\/site\/wp-json\/wp\/v2\/types\/page"}],"author":[{"embeddable":true,"href":"https:\/\/www.colegioequipemuriae.com.br\/site\/wp-json\/wp\/v2\/users\/1"}],"replies":[{"embeddable":true,"href":"https:\/\/www.colegioequipemuriae.com.br\/site\/wp-json\/wp\/v2\/comments?post=11554"}],"version-history":[{"count":2,"href":"https:\/\/www.colegioequipemuriae.com.br\/site\/wp-json\/wp\/v2\/pages\/11554\/revisions"}],"predecessor-version":[{"id":11860,"href":"https:\/\/www.colegioequipemuriae.com.br\/site\/wp-json\/wp\/v2\/pages\/11554\/revisions\/11860"}],"up":[{"embeddable":true,"href":"https:\/\/www.colegioequipemuriae.com.br\/site\/wp-json\/wp\/v2\/pages\/11378"}],"wp:attachment":[{"href":"https:\/\/www.colegioequipemuriae.com.br\/site\/wp-json\/wp\/v2\/media?parent=11554"}],"curies":[{"name":"wp","href":"https:\/\/api.w.org\/{rel}","templated":true}]}}