{"id":11389,"date":"2021-03-12T08:31:03","date_gmt":"2021-03-12T11:31:03","guid":{"rendered":"https:\/\/www.colegioequipemuriae.com.br\/site\/?page_id=11389"},"modified":"2021-03-24T15:16:14","modified_gmt":"2021-03-24T18:16:14","slug":"pre-vestibular","status":"publish","type":"page","link":"https:\/\/www.colegioequipemuriae.com.br\/site\/ensino\/pre-vestibular\/","title":{"rendered":"Pr\u00e9-Vestibular"},"content":{"rendered":"","protected":false},"excerpt":{"rendered":"","protected":false},"author":1,"featured_media":0,"parent":11568,"menu_order":0,"comment_status":"closed","ping_status":"closed","template":"","meta":[],"yoast_head":"<!-- This site is optimized with the Yoast SEO plugin v16.0.2 - https:\/\/yoast.com\/wordpress\/plugins\/seo\/ -->\n<title>Pr\u00e9-Vestibular - Col\u00e9gio Equipe Muria\u00e9<\/title>\n<link rel=\"canonical\" href=\"https:\/\/www.colegioequipemuriae.com.br\/site\/ensino\/pre-vestibular\/\" \/>\n<meta property=\"og:locale\" content=\"pt_BR\" \/>\n<meta property=\"og:type\" content=\"article\" \/>\n<meta property=\"og:title\" content=\"Pr\u00e9-Vestibular - Col\u00e9gio Equipe Muria\u00e9\" \/>\n<meta property=\"og:url\" content=\"https:\/\/www.colegioequipemuriae.com.br\/site\/ensino\/pre-vestibular\/\" \/>\n<meta property=\"og:site_name\" content=\"Col\u00e9gio Equipe Muria\u00e9\" \/>\n<meta property=\"article:modified_time\" content=\"2021-03-24T18:16:14+00:00\" \/>\n<meta name=\"twitter:card\" content=\"summary_large_image\" \/>\n<script type=\"application\/ld+json\" class=\"yoast-schema-graph\">{\"@context\":\"https:\/\/schema.org\",\"@graph\":[{\"@type\":\"WebSite\",\"@id\":\"https:\/\/www.colegioequipemuriae.com.br\/site\/#website\",\"url\":\"https:\/\/www.colegioequipemuriae.com.br\/site\/\",\"name\":\"Col\\u00e9gio Equipe Muria\\u00e9\",\"description\":\"\",\"potentialAction\":[{\"@type\":\"SearchAction\",\"target\":\"https:\/\/www.colegioequipemuriae.com.br\/site\/?s={search_term_string}\",\"query-input\":\"required name=search_term_string\"}],\"inLanguage\":\"pt-BR\"},{\"@type\":\"WebPage\",\"@id\":\"https:\/\/www.colegioequipemuriae.com.br\/site\/ensino\/pre-vestibular\/#webpage\",\"url\":\"https:\/\/www.colegioequipemuriae.com.br\/site\/ensino\/pre-vestibular\/\",\"name\":\"Pr\\u00e9-Vestibular - Col\\u00e9gio Equipe Muria\\u00e9\",\"isPartOf\":{\"@id\":\"https:\/\/www.colegioequipemuriae.com.br\/site\/#website\"},\"datePublished\":\"2021-03-12T11:31:03+00:00\",\"dateModified\":\"2021-03-24T18:16:14+00:00\",\"breadcrumb\":{\"@id\":\"https:\/\/www.colegioequipemuriae.com.br\/site\/ensino\/pre-vestibular\/#breadcrumb\"},\"inLanguage\":\"pt-BR\",\"potentialAction\":[{\"@type\":\"ReadAction\",\"target\":[\"https:\/\/www.colegioequipemuriae.com.br\/site\/ensino\/pre-vestibular\/\"]}]},{\"@type\":\"BreadcrumbList\",\"@id\":\"https:\/\/www.colegioequipemuriae.com.br\/site\/ensino\/pre-vestibular\/#breadcrumb\",\"itemListElement\":[{\"@type\":\"ListItem\",\"position\":1,\"item\":{\"@type\":\"WebPage\",\"@id\":\"https:\/\/www.colegioequipemuriae.com.br\/site\/\",\"url\":\"https:\/\/www.colegioequipemuriae.com.br\/site\/\",\"name\":\"Home\"}},{\"@type\":\"ListItem\",\"position\":2,\"item\":{\"@type\":\"WebPage\",\"@id\":\"https:\/\/www.colegioequipemuriae.com.br\/site\/ensino\/\",\"url\":\"https:\/\/www.colegioequipemuriae.com.br\/site\/ensino\/\",\"name\":\"Ensino\"}},{\"@type\":\"ListItem\",\"position\":3,\"item\":{\"@type\":\"WebPage\",\"@id\":\"https:\/\/www.colegioequipemuriae.com.br\/site\/ensino\/pre-vestibular\/\",\"url\":\"https:\/\/www.colegioequipemuriae.com.br\/site\/ensino\/pre-vestibular\/\",\"name\":\"Pr\\u00e9-Vestibular\"}}]}]}<\/script>\n<!-- \/ Yoast SEO plugin. -->","_links":{"self":[{"href":"https:\/\/www.colegioequipemuriae.com.br\/site\/wp-json\/wp\/v2\/pages\/11389"}],"collection":[{"href":"https:\/\/www.colegioequipemuriae.com.br\/site\/wp-json\/wp\/v2\/pages"}],"about":[{"href":"https:\/\/www.colegioequipemuriae.com.br\/site\/wp-json\/wp\/v2\/types\/page"}],"author":[{"embeddable":true,"href":"https:\/\/www.colegioequipemuriae.com.br\/site\/wp-json\/wp\/v2\/users\/1"}],"replies":[{"embeddable":true,"href":"https:\/\/www.colegioequipemuriae.com.br\/site\/wp-json\/wp\/v2\/comments?post=11389"}],"version-history":[{"count":1,"href":"https:\/\/www.colegioequipemuriae.com.br\/site\/wp-json\/wp\/v2\/pages\/11389\/revisions"}],"predecessor-version":[{"id":11392,"href":"https:\/\/www.colegioequipemuriae.com.br\/site\/wp-json\/wp\/v2\/pages\/11389\/revisions\/11392"}],"up":[{"embeddable":true,"href":"https:\/\/www.colegioequipemuriae.com.br\/site\/wp-json\/wp\/v2\/pages\/11568"}],"wp:attachment":[{"href":"https:\/\/www.colegioequipemuriae.com.br\/site\/wp-json\/wp\/v2\/media?parent=11389"}],"curies":[{"name":"wp","href":"https:\/\/api.w.org\/{rel}","templated":true}]}}