{"id":11382,"date":"2021-03-12T08:27:48","date_gmt":"2021-03-12T11:27:48","guid":{"rendered":"https:\/\/www.colegioequipemuriae.com.br\/site\/?page_id=11382"},"modified":"2022-02-03T09:12:51","modified_gmt":"2022-02-03T12:12:51","slug":"matricula","status":"publish","type":"page","link":"https:\/\/www.colegioequipemuriae.com.br\/site\/matricula\/","title":{"rendered":"Matr\u00edcula"},"content":{"rendered":"\n<p>Para fazer sua pr\u00e9-matr\u00edcula preencha o formul\u00e1rio abaixo com os seus dados e  um de nossos profissionais lhe retornar\u00e1.<\/p>\n\n\n\n<div class=\"wp-block-contact-form-7-contact-form-selector\"><div role=\"form\" class=\"wpcf7\" id=\"wpcf7-f11996-o1\" lang=\"pt-BR\" dir=\"ltr\">\n<div class=\"screen-reader-response\"><p role=\"status\" aria-live=\"polite\" aria-atomic=\"true\"><\/p> <ul><\/ul><\/div>\n<form action=\"\/site\/wp-json\/wp\/v2\/pages\/11382#wpcf7-f11996-o1\" method=\"post\" class=\"wpcf7-form init\" novalidate=\"novalidate\" data-status=\"init\">\n<div style=\"display: none;\">\n<input type=\"hidden\" name=\"_wpcf7\" value=\"11996\" \/>\n<input type=\"hidden\" name=\"_wpcf7_version\" value=\"5.4\" \/>\n<input type=\"hidden\" name=\"_wpcf7_locale\" value=\"pt_BR\" \/>\n<input type=\"hidden\" name=\"_wpcf7_unit_tag\" value=\"wpcf7-f11996-o1\" \/>\n<input type=\"hidden\" name=\"_wpcf7_container_post\" value=\"0\" \/>\n<input type=\"hidden\" name=\"_wpcf7_posted_data_hash\" value=\"\" \/>\n<\/div>\n<p><label> Nome<br \/>\n    <span class=\"wpcf7-form-control-wrap your-name\"><input type=\"text\" name=\"your-name\" value=\"\" size=\"40\" class=\"wpcf7-form-control wpcf7-text wpcf7-validates-as-required\" aria-required=\"true\" aria-invalid=\"false\" \/><\/span> <\/label><\/p>\n<p><label> E-mail<br \/>\n    <span class=\"wpcf7-form-control-wrap your-email\"><input type=\"email\" name=\"your-email\" value=\"\" size=\"40\" class=\"wpcf7-form-control wpcf7-text wpcf7-email wpcf7-validates-as-required wpcf7-validates-as-email\" aria-required=\"true\" aria-invalid=\"false\" \/><\/span> <\/label><\/p>\n<p><label> Telefone<br \/>\n   <span class=\"wpcf7-form-control-wrap Telefone\"><input type=\"tel\" name=\"Telefone\" value=\"\" size=\"40\" class=\"wpcf7-form-control wpcf7-text wpcf7-tel wpcf7-validates-as-tel\" aria-invalid=\"false\" \/><\/span> <\/label><\/p>\n<p>Marque os seguimentos:<br \/>\n<span class=\"wpcf7-form-control-wrap Segmento\"><span class=\"wpcf7-form-control wpcf7-checkbox wpcf7-validates-as-required\"><span class=\"wpcf7-list-item first\"><label><input type=\"checkbox\" name=\"Segmento[]\" value=\"Ensino Fundamental I\" \/><span class=\"wpcf7-list-item-label\">Ensino Fundamental I<\/span><\/label><\/span><span class=\"wpcf7-list-item\"><label><input type=\"checkbox\" name=\"Segmento[]\" value=\"Ensino Fundamental II\" \/><span class=\"wpcf7-list-item-label\">Ensino Fundamental II<\/span><\/label><\/span><span class=\"wpcf7-list-item\"><label><input type=\"checkbox\" name=\"Segmento[]\" value=\"Ensino M\u00e9dio\" \/><span class=\"wpcf7-list-item-label\">Ensino M\u00e9dio<\/span><\/label><\/span><span class=\"wpcf7-list-item last\"><label><input type=\"checkbox\" name=\"Segmento[]\" value=\"Pr\u00e9-Vestibular\" \/><span class=\"wpcf7-list-item-label\">Pr\u00e9-Vestibular<\/span><\/label><\/span><\/span><\/span><\/p>\n<p><label> Caso queira, coloque aqui suas observa\u00e7\u00f5es (opcional)<br \/>\n    <span class=\"wpcf7-form-control-wrap your-message\"><textarea name=\"your-message\" cols=\"40\" rows=\"10\" class=\"wpcf7-form-control wpcf7-textarea\" aria-invalid=\"false\"><\/textarea><\/span> <\/label><\/p>\n<p><input type=\"submit\" value=\"Enviar\" class=\"wpcf7-form-control wpcf7-submit\" \/><\/p>\n<div class=\"wpcf7-response-output\" aria-hidden=\"true\"><\/div><\/form><\/div><\/div>\n","protected":false},"excerpt":{"rendered":"<p>Para fazer sua pr\u00e9-matr\u00edcula preencha o formul\u00e1rio abaixo com os seus dados e um de nossos profissionais lhe retornar\u00e1.<\/p>\n","protected":false},"author":1,"featured_media":0,"parent":0,"menu_order":0,"comment_status":"closed","ping_status":"closed","template":"","meta":[],"yoast_head":"<!-- This site is optimized with the Yoast SEO plugin v16.0.2 - https:\/\/yoast.com\/wordpress\/plugins\/seo\/ -->\n<title>Matr\u00edcula - Col\u00e9gio Equipe Muria\u00e9<\/title>\n<link rel=\"canonical\" href=\"https:\/\/www.colegioequipemuriae.com.br\/site\/matricula\/\" \/>\n<meta property=\"og:locale\" content=\"pt_BR\" \/>\n<meta property=\"og:type\" content=\"article\" \/>\n<meta property=\"og:title\" content=\"Matr\u00edcula - Col\u00e9gio Equipe Muria\u00e9\" \/>\n<meta property=\"og:description\" content=\"Para fazer sua pr\u00e9-matr\u00edcula preencha o formul\u00e1rio abaixo com os seus dados e um de nossos profissionais lhe retornar\u00e1.\" \/>\n<meta property=\"og:url\" content=\"https:\/\/www.colegioequipemuriae.com.br\/site\/matricula\/\" \/>\n<meta property=\"og:site_name\" content=\"Col\u00e9gio Equipe Muria\u00e9\" \/>\n<meta property=\"article:modified_time\" content=\"2022-02-03T12:12:51+00:00\" \/>\n<meta name=\"twitter:card\" content=\"summary_large_image\" \/>\n<meta name=\"twitter:label1\" content=\"Est. tempo de leitura\">\n\t<meta name=\"twitter:data1\" content=\"1 minuto\">\n<script type=\"application\/ld+json\" class=\"yoast-schema-graph\">{\"@context\":\"https:\/\/schema.org\",\"@graph\":[{\"@type\":\"WebSite\",\"@id\":\"https:\/\/www.colegioequipemuriae.com.br\/site\/#website\",\"url\":\"https:\/\/www.colegioequipemuriae.com.br\/site\/\",\"name\":\"Col\\u00e9gio Equipe Muria\\u00e9\",\"description\":\"\",\"potentialAction\":[{\"@type\":\"SearchAction\",\"target\":\"https:\/\/www.colegioequipemuriae.com.br\/site\/?s={search_term_string}\",\"query-input\":\"required name=search_term_string\"}],\"inLanguage\":\"pt-BR\"},{\"@type\":\"WebPage\",\"@id\":\"https:\/\/www.colegioequipemuriae.com.br\/site\/matricula\/#webpage\",\"url\":\"https:\/\/www.colegioequipemuriae.com.br\/site\/matricula\/\",\"name\":\"Matr\\u00edcula - Col\\u00e9gio Equipe Muria\\u00e9\",\"isPartOf\":{\"@id\":\"https:\/\/www.colegioequipemuriae.com.br\/site\/#website\"},\"datePublished\":\"2021-03-12T11:27:48+00:00\",\"dateModified\":\"2022-02-03T12:12:51+00:00\",\"breadcrumb\":{\"@id\":\"https:\/\/www.colegioequipemuriae.com.br\/site\/matricula\/#breadcrumb\"},\"inLanguage\":\"pt-BR\",\"potentialAction\":[{\"@type\":\"ReadAction\",\"target\":[\"https:\/\/www.colegioequipemuriae.com.br\/site\/matricula\/\"]}]},{\"@type\":\"BreadcrumbList\",\"@id\":\"https:\/\/www.colegioequipemuriae.com.br\/site\/matricula\/#breadcrumb\",\"itemListElement\":[{\"@type\":\"ListItem\",\"position\":1,\"item\":{\"@type\":\"WebPage\",\"@id\":\"https:\/\/www.colegioequipemuriae.com.br\/site\/\",\"url\":\"https:\/\/www.colegioequipemuriae.com.br\/site\/\",\"name\":\"Home\"}},{\"@type\":\"ListItem\",\"position\":2,\"item\":{\"@type\":\"WebPage\",\"@id\":\"https:\/\/www.colegioequipemuriae.com.br\/site\/matricula\/\",\"url\":\"https:\/\/www.colegioequipemuriae.com.br\/site\/matricula\/\",\"name\":\"Matr\\u00edcula\"}}]}]}<\/script>\n<!-- \/ Yoast SEO plugin. -->","_links":{"self":[{"href":"https:\/\/www.colegioequipemuriae.com.br\/site\/wp-json\/wp\/v2\/pages\/11382"}],"collection":[{"href":"https:\/\/www.colegioequipemuriae.com.br\/site\/wp-json\/wp\/v2\/pages"}],"about":[{"href":"https:\/\/www.colegioequipemuriae.com.br\/site\/wp-json\/wp\/v2\/types\/page"}],"author":[{"embeddable":true,"href":"https:\/\/www.colegioequipemuriae.com.br\/site\/wp-json\/wp\/v2\/users\/1"}],"replies":[{"embeddable":true,"href":"https:\/\/www.colegioequipemuriae.com.br\/site\/wp-json\/wp\/v2\/comments?post=11382"}],"version-history":[{"count":3,"href":"https:\/\/www.colegioequipemuriae.com.br\/site\/wp-json\/wp\/v2\/pages\/11382\/revisions"}],"predecessor-version":[{"id":12104,"href":"https:\/\/www.colegioequipemuriae.com.br\/site\/wp-json\/wp\/v2\/pages\/11382\/revisions\/12104"}],"wp:attachment":[{"href":"https:\/\/www.colegioequipemuriae.com.br\/site\/wp-json\/wp\/v2\/media?parent=11382"}],"curies":[{"name":"wp","href":"https:\/\/api.w.org\/{rel}","templated":true}]}}